{"id":149,"date":"2024-03-23T20:50:15","date_gmt":"2024-03-23T20:50:15","guid":{"rendered":"https:\/\/orthoplimexico.com\/?post_type=product&#038;p=149"},"modified":"2025-04-24T22:45:58","modified_gmt":"2025-04-24T22:45:58","slug":"corte-de-extremo-distal-con-sujecion-de-seguridad-mango-pequeno","status":"publish","type":"product","link":"https:\/\/orthoplimexico.com\/index.php\/product\/corte-de-extremo-distal-con-sujecion-de-seguridad-mango-pequeno\/","title":{"rendered":"Corte de extremo distal con sujeci\u00f3n de seguridad (mango peque\u00f1o)"},"content":{"rendered":"","protected":false},"excerpt":{"rendered":"<p class=\"p1\"><em>Shear Distal End Cutter\/Safety Hold (Small Handle)<\/em><\/p>\n<p class=\"p1\">Esta pinza forjada en peque\u00f1o y con la misma configuraci\u00f3n del #026-H, el dise\u00f1o \u00fanico y mas peque\u00f1o le permitir\u00e1 cortar el exceso de alambre de arco que pasa a trav\u00e9s del tubo bucal molar y sujetar el trozo de alambre de arco donde el acceso es m\u00ednimo. La ingenier\u00eda de este instrumento le permitir\u00e1 cortar comodamente alambre redondo, trenzado y recocido de hasta .20 de di\u00e1metro y rectangular de hasta .16 x .22.<\/p>\n","protected":false},"featured_media":655,"comment_status":"open","ping_status":"closed","template":"","meta":{"site-sidebar-layout":"default","site-content-layout":"","ast-site-content-layout":"default","site-content-style":"default","site-sidebar-style":"default","ast-global-header-display":"","ast-banner-title-visibility":"","ast-main-header-display":"","ast-hfb-above-header-display":"","ast-hfb-below-header-display":"","ast-hfb-mobile-header-display":"","site-post-title":"","ast-breadcrumbs-content":"","ast-featured-img":"","footer-sml-layout":"","theme-transparent-header-meta":"default","adv-header-id-meta":"","stick-header-meta":"","header-above-stick-meta":"","header-main-stick-meta":"","header-below-stick-meta":"","astra-migrate-meta-layouts":"set","ast-page-background-enabled":"default","ast-page-background-meta":{"desktop":{"background-color":"var(--ast-global-color-4)","background-image":"","background-repeat":"repeat","background-position":"center center","background-size":"auto","background-attachment":"scroll","background-type":"","background-media":"","overlay-type":"","overlay-color":"","overlay-opacity":"","overlay-gradient":""},"tablet":{"background-color":"","background-image":"","background-repeat":"repeat","background-position":"center center","background-size":"auto","background-attachment":"scroll","background-type":"","background-media":"","overlay-type":"","overlay-color":"","overlay-opacity":"","overlay-gradient":""},"mobile":{"background-color":"","background-image":"","background-repeat":"repeat","background-position":"center center","background-size":"auto","background-attachment":"scroll","background-type":"","background-media":"","overlay-type":"","overlay-color":"","overlay-opacity":"","overlay-gradient":""}},"ast-content-background-meta":{"desktop":{"background-color":"var(--ast-global-color-5)","background-image":"","background-repeat":"repeat","background-position":"center center","background-size":"auto","background-attachment":"scroll","background-type":"","background-media":"","overlay-type":"","overlay-color":"","overlay-opacity":"","overlay-gradient":""},"tablet":{"background-color":"var(--ast-global-color-5)","background-image":"","background-repeat":"repeat","background-position":"center center","background-size":"auto","background-attachment":"scroll","background-type":"","background-media":"","overlay-type":"","overlay-color":"","overlay-opacity":"","overlay-gradient":""},"mobile":{"background-color":"var(--ast-global-color-5)","background-image":"","background-repeat":"repeat","background-position":"center center","background-size":"auto","background-attachment":"scroll","background-type":"","background-media":"","overlay-type":"","overlay-color":"","overlay-opacity":"","overlay-gradient":""}}},"product_cat":[29],"product_tag":[31,30],"class_list":{"0":"post-149","1":"product","2":"type-product","3":"status-publish","4":"has-post-thumbnail","6":"product_cat-corte-distal","7":"product_tag-corte-distal","8":"product_tag-pinzas","9":"desktop-align-left","10":"tablet-align-left","11":"mobile-align-left","13":"first","14":"instock","15":"shipping-taxable","16":"product-type-simple"},"_links":{"self":[{"href":"https:\/\/orthoplimexico.com\/index.php\/wp-json\/wp\/v2\/product\/149","targetHints":{"allow":["GET"]}}],"collection":[{"href":"https:\/\/orthoplimexico.com\/index.php\/wp-json\/wp\/v2\/product"}],"about":[{"href":"https:\/\/orthoplimexico.com\/index.php\/wp-json\/wp\/v2\/types\/product"}],"replies":[{"embeddable":true,"href":"https:\/\/orthoplimexico.com\/index.php\/wp-json\/wp\/v2\/comments?post=149"}],"wp:featuredmedia":[{"embeddable":true,"href":"https:\/\/orthoplimexico.com\/index.php\/wp-json\/wp\/v2\/media\/655"}],"wp:attachment":[{"href":"https:\/\/orthoplimexico.com\/index.php\/wp-json\/wp\/v2\/media?parent=149"}],"wp:term":[{"taxonomy":"product_cat","embeddable":true,"href":"https:\/\/orthoplimexico.com\/index.php\/wp-json\/wp\/v2\/product_cat?post=149"},{"taxonomy":"product_tag","embeddable":true,"href":"https:\/\/orthoplimexico.com\/index.php\/wp-json\/wp\/v2\/product_tag?post=149"}],"curies":[{"name":"wp","href":"https:\/\/api.w.org\/{rel}","templated":true}]}}