{"id":215,"date":"2025-01-11T17:28:22","date_gmt":"2025-01-11T17:28:22","guid":{"rendered":"https:\/\/orthoplimexico.com\/?post_type=product&#038;p=215"},"modified":"2025-04-24T20:28:00","modified_gmt":"2025-04-24T20:28:00","slug":"weingart-de-diseno-en-acero-insertado","status":"publish","type":"product","link":"https:\/\/orthoplimexico.com\/index.php\/product\/weingart-de-diseno-en-acero-insertado\/","title":{"rendered":"Weingart de dise\u00f1o en acero insertado"},"content":{"rendered":"","protected":false},"excerpt":{"rendered":"<p class=\"p1\">Este instrumento Weingart ha sido dise\u00f1ado de manera \u00fanica y fabricado con una construcci\u00f3n de caja de juntas forjada en acero de alta resistencia. Las puntas cuentan con inserciones de acero, lo que garantiza una larga vida \u00fatil del producto incluso con un uso frecuente. Durante su fabricaci\u00f3n, los picos se han rectificado con un dentado cruzado, lo que asegura un agarre firme y seguro al reemplazar o retirar los alambres. Adem\u00e1s, su punta de dise\u00f1o fino y estilizado ofrece un acceso \u00f3ptimo y una visibilidad superior durante cada procedimiento, mejorando la precisi\u00f3n y eficiencia del trabajo cl\u00ednico.<\/p>\n","protected":false},"featured_media":647,"comment_status":"open","ping_status":"closed","template":"","meta":{"site-sidebar-layout":"default","site-content-layout":"","ast-site-content-layout":"default","site-content-style":"default","site-sidebar-style":"default","ast-global-header-display":"","ast-banner-title-visibility":"","ast-main-header-display":"","ast-hfb-above-header-display":"","ast-hfb-below-header-display":"","ast-hfb-mobile-header-display":"","site-post-title":"","ast-breadcrumbs-content":"","ast-featured-img":"","footer-sml-layout":"","theme-transparent-header-meta":"default","adv-header-id-meta":"","stick-header-meta":"","header-above-stick-meta":"","header-main-stick-meta":"","header-below-stick-meta":"","astra-migrate-meta-layouts":"set","ast-page-background-enabled":"default","ast-page-background-meta":{"desktop":{"background-color":"var(--ast-global-color-4)","background-image":"","background-repeat":"repeat","background-position":"center center","background-size":"auto","background-attachment":"scroll","background-type":"","background-media":"","overlay-type":"","overlay-color":"","overlay-opacity":"","overlay-gradient":""},"tablet":{"background-color":"","background-image":"","background-repeat":"repeat","background-position":"center center","background-size":"auto","background-attachment":"scroll","background-type":"","background-media":"","overlay-type":"","overlay-color":"","overlay-opacity":"","overlay-gradient":""},"mobile":{"background-color":"","background-image":"","background-repeat":"repeat","background-position":"center center","background-size":"auto","background-attachment":"scroll","background-type":"","background-media":"","overlay-type":"","overlay-color":"","overlay-opacity":"","overlay-gradient":""}},"ast-content-background-meta":{"desktop":{"background-color":"var(--ast-global-color-5)","background-image":"","background-repeat":"repeat","background-position":"center center","background-size":"auto","background-attachment":"scroll","background-type":"","background-media":"","overlay-type":"","overlay-color":"","overlay-opacity":"","overlay-gradient":""},"tablet":{"background-color":"var(--ast-global-color-5)","background-image":"","background-repeat":"repeat","background-position":"center center","background-size":"auto","background-attachment":"scroll","background-type":"","background-media":"","overlay-type":"","overlay-color":"","overlay-opacity":"","overlay-gradient":""},"mobile":{"background-color":"var(--ast-global-color-5)","background-image":"","background-repeat":"repeat","background-position":"center center","background-size":"auto","background-attachment":"scroll","background-type":"","background-media":"","overlay-type":"","overlay-color":"","overlay-opacity":"","overlay-gradient":""}}},"product_cat":[34],"product_tag":[30,35],"class_list":{"0":"post-215","1":"product","2":"type-product","3":"status-publish","4":"has-post-thumbnail","6":"product_cat-utilitarias","7":"product_tag-pinzas","8":"product_tag-utilitarias","9":"desktop-align-left","10":"tablet-align-left","11":"mobile-align-left","13":"first","14":"instock","15":"shipping-taxable","16":"product-type-simple"},"_links":{"self":[{"href":"https:\/\/orthoplimexico.com\/index.php\/wp-json\/wp\/v2\/product\/215","targetHints":{"allow":["GET"]}}],"collection":[{"href":"https:\/\/orthoplimexico.com\/index.php\/wp-json\/wp\/v2\/product"}],"about":[{"href":"https:\/\/orthoplimexico.com\/index.php\/wp-json\/wp\/v2\/types\/product"}],"replies":[{"embeddable":true,"href":"https:\/\/orthoplimexico.com\/index.php\/wp-json\/wp\/v2\/comments?post=215"}],"wp:featuredmedia":[{"embeddable":true,"href":"https:\/\/orthoplimexico.com\/index.php\/wp-json\/wp\/v2\/media\/647"}],"wp:attachment":[{"href":"https:\/\/orthoplimexico.com\/index.php\/wp-json\/wp\/v2\/media?parent=215"}],"wp:term":[{"taxonomy":"product_cat","embeddable":true,"href":"https:\/\/orthoplimexico.com\/index.php\/wp-json\/wp\/v2\/product_cat?post=215"},{"taxonomy":"product_tag","embeddable":true,"href":"https:\/\/orthoplimexico.com\/index.php\/wp-json\/wp\/v2\/product_tag?post=215"}],"curies":[{"name":"wp","href":"https:\/\/api.w.org\/{rel}","templated":true}]}}