{"id":243,"date":"2025-01-11T21:25:44","date_gmt":"2025-01-11T21:25:44","guid":{"rendered":"https:\/\/orthoplimexico.com\/?post_type=product&#038;p=243"},"modified":"2025-04-24T20:38:02","modified_gmt":"2025-04-24T20:38:02","slug":"pico-de-pajaro-punta-fina","status":"publish","type":"product","link":"https:\/\/orthoplimexico.com\/index.php\/product\/pico-de-pajaro-punta-fina\/","title":{"rendered":"Pico de P\u00e1jaro Punta Fina"},"content":{"rendered":"","protected":false},"excerpt":{"rendered":"<p class=\"p1\">Esta pinza de dise\u00f1o innovador cuenta con puntas m\u00e1s suavemente c\u00f3nicas en comparaci\u00f3n con nuestra pinza Bird Beak est\u00e1ndar, lo que permite al ortodoncista doblar y formar alambres rectangulares y redondos de hasta 0.76 mm (0.030&#8243;) con mayor precisi\u00f3n y control. Fabricada con insertos completos de acero para herramientas en las puntas redonda y plana, garantiza una gran durabilidad y resistencia. El dise\u00f1o ofrece un agarre firme y antideslizante, brindando seguridad durante su uso. Adem\u00e1s, est\u00e1 garantizada para no separarse en las puntas, asegurando resultados consistentes. Las partes, cuadrada y redonda, miden 0.89 mm (0.035&#8243;) en la punta, permitiendo una manipulaci\u00f3n precisa del alambre en todo momento. Ideal para ortodoncistas que buscan una herramienta vers\u00e1til, de alto rendimiento y con una vida \u00fatil prolongada.<\/p>\n","protected":false},"featured_media":591,"comment_status":"open","ping_status":"closed","template":"","meta":{"site-sidebar-layout":"default","site-content-layout":"","ast-site-content-layout":"default","site-content-style":"default","site-sidebar-style":"default","ast-global-header-display":"","ast-banner-title-visibility":"","ast-main-header-display":"","ast-hfb-above-header-display":"","ast-hfb-below-header-display":"","ast-hfb-mobile-header-display":"","site-post-title":"","ast-breadcrumbs-content":"","ast-featured-img":"","footer-sml-layout":"","theme-transparent-header-meta":"default","adv-header-id-meta":"","stick-header-meta":"","header-above-stick-meta":"","header-main-stick-meta":"","header-below-stick-meta":"","astra-migrate-meta-layouts":"set","ast-page-background-enabled":"default","ast-page-background-meta":{"desktop":{"background-color":"var(--ast-global-color-4)","background-image":"","background-repeat":"repeat","background-position":"center center","background-size":"auto","background-attachment":"scroll","background-type":"","background-media":"","overlay-type":"","overlay-color":"","overlay-opacity":"","overlay-gradient":""},"tablet":{"background-color":"","background-image":"","background-repeat":"repeat","background-position":"center center","background-size":"auto","background-attachment":"scroll","background-type":"","background-media":"","overlay-type":"","overlay-color":"","overlay-opacity":"","overlay-gradient":""},"mobile":{"background-color":"","background-image":"","background-repeat":"repeat","background-position":"center center","background-size":"auto","background-attachment":"scroll","background-type":"","background-media":"","overlay-type":"","overlay-color":"","overlay-opacity":"","overlay-gradient":""}},"ast-content-background-meta":{"desktop":{"background-color":"var(--ast-global-color-5)","background-image":"","background-repeat":"repeat","background-position":"center center","background-size":"auto","background-attachment":"scroll","background-type":"","background-media":"","overlay-type":"","overlay-color":"","overlay-opacity":"","overlay-gradient":""},"tablet":{"background-color":"var(--ast-global-color-5)","background-image":"","background-repeat":"repeat","background-position":"center center","background-size":"auto","background-attachment":"scroll","background-type":"","background-media":"","overlay-type":"","overlay-color":"","overlay-opacity":"","overlay-gradient":""},"mobile":{"background-color":"var(--ast-global-color-5)","background-image":"","background-repeat":"repeat","background-position":"center center","background-size":"auto","background-attachment":"scroll","background-type":"","background-media":"","overlay-type":"","overlay-color":"","overlay-opacity":"","overlay-gradient":""}}},"product_cat":[36],"product_tag":[37],"class_list":{"0":"post-243","1":"product","2":"type-product","3":"status-publish","4":"has-post-thumbnail","6":"product_cat-laboratorio","7":"product_tag-laboratorio","8":"desktop-align-left","9":"tablet-align-left","10":"mobile-align-left","12":"first","13":"instock","14":"shipping-taxable","15":"product-type-simple"},"_links":{"self":[{"href":"https:\/\/orthoplimexico.com\/index.php\/wp-json\/wp\/v2\/product\/243","targetHints":{"allow":["GET"]}}],"collection":[{"href":"https:\/\/orthoplimexico.com\/index.php\/wp-json\/wp\/v2\/product"}],"about":[{"href":"https:\/\/orthoplimexico.com\/index.php\/wp-json\/wp\/v2\/types\/product"}],"replies":[{"embeddable":true,"href":"https:\/\/orthoplimexico.com\/index.php\/wp-json\/wp\/v2\/comments?post=243"}],"wp:featuredmedia":[{"embeddable":true,"href":"https:\/\/orthoplimexico.com\/index.php\/wp-json\/wp\/v2\/media\/591"}],"wp:attachment":[{"href":"https:\/\/orthoplimexico.com\/index.php\/wp-json\/wp\/v2\/media?parent=243"}],"wp:term":[{"taxonomy":"product_cat","embeddable":true,"href":"https:\/\/orthoplimexico.com\/index.php\/wp-json\/wp\/v2\/product_cat?post=243"},{"taxonomy":"product_tag","embeddable":true,"href":"https:\/\/orthoplimexico.com\/index.php\/wp-json\/wp\/v2\/product_tag?post=243"}],"curies":[{"name":"wp","href":"https:\/\/api.w.org\/{rel}","templated":true}]}}