{"id":354,"date":"2025-01-18T21:38:19","date_gmt":"2025-01-18T21:38:19","guid":{"rendered":"https:\/\/orthoplimexico.com\/?post_type=product&#038;p=354"},"modified":"2025-04-22T21:16:12","modified_gmt":"2025-04-22T21:16:12","slug":"pinza-removedora-de-bandas","status":"publish","type":"product","link":"https:\/\/orthoplimexico.com\/index.php\/product\/pinza-removedora-de-bandas\/","title":{"rendered":"Pinza Removedora de Bandas"},"content":{"rendered":"","protected":false},"excerpt":{"rendered":"<p class=\"p1\">Este extractor de bandas combina innovaci\u00f3n y comodidad, siendo una herramienta esencial para la extracci\u00f3n precisa y segura de bandas ortod\u00f3nticas. Su dise\u00f1o avanzado incorpora un inserto de acero endurecido en el pico inferior, lo que facilita la extracci\u00f3n sin ejercer tensi\u00f3n excesiva en el diente y minimizando las molestias para el paciente. El borde afilado con puntas de diamante garantiza cortes limpios y precisos, manteniendo su filo durante un uso prolongado para ofrecer un rendimiento constante en el tiempo. Adem\u00e1s, su cubierta de almohadilla suave y reemplazable est\u00e1 dise\u00f1ada espec\u00edficamente para proporcionar mayor comodidad al paciente durante el procedimiento. Las puntas de pl\u00e1stico esterilizables por calor, aseguran higiene y cumplen con los est\u00e1ndares cl\u00ednicos m\u00e1s exigentes.<\/p>\n","protected":false},"featured_media":541,"comment_status":"open","ping_status":"closed","template":"","meta":{"site-sidebar-layout":"default","site-content-layout":"","ast-site-content-layout":"default","site-content-style":"default","site-sidebar-style":"default","ast-global-header-display":"","ast-banner-title-visibility":"","ast-main-header-display":"","ast-hfb-above-header-display":"","ast-hfb-below-header-display":"","ast-hfb-mobile-header-display":"","site-post-title":"","ast-breadcrumbs-content":"","ast-featured-img":"","footer-sml-layout":"","theme-transparent-header-meta":"default","adv-header-id-meta":"","stick-header-meta":"","header-above-stick-meta":"","header-main-stick-meta":"","header-below-stick-meta":"","astra-migrate-meta-layouts":"set","ast-page-background-enabled":"default","ast-page-background-meta":{"desktop":{"background-color":"var(--ast-global-color-4)","background-image":"","background-repeat":"repeat","background-position":"center center","background-size":"auto","background-attachment":"scroll","background-type":"","background-media":"","overlay-type":"","overlay-color":"","overlay-opacity":"","overlay-gradient":""},"tablet":{"background-color":"","background-image":"","background-repeat":"repeat","background-position":"center center","background-size":"auto","background-attachment":"scroll","background-type":"","background-media":"","overlay-type":"","overlay-color":"","overlay-opacity":"","overlay-gradient":""},"mobile":{"background-color":"","background-image":"","background-repeat":"repeat","background-position":"center center","background-size":"auto","background-attachment":"scroll","background-type":"","background-media":"","overlay-type":"","overlay-color":"","overlay-opacity":"","overlay-gradient":""}},"ast-content-background-meta":{"desktop":{"background-color":"var(--ast-global-color-5)","background-image":"","background-repeat":"repeat","background-position":"center center","background-size":"auto","background-attachment":"scroll","background-type":"","background-media":"","overlay-type":"","overlay-color":"","overlay-opacity":"","overlay-gradient":""},"tablet":{"background-color":"var(--ast-global-color-5)","background-image":"","background-repeat":"repeat","background-position":"center center","background-size":"auto","background-attachment":"scroll","background-type":"","background-media":"","overlay-type":"","overlay-color":"","overlay-opacity":"","overlay-gradient":""},"mobile":{"background-color":"var(--ast-global-color-5)","background-image":"","background-repeat":"repeat","background-position":"center center","background-size":"auto","background-attachment":"scroll","background-type":"","background-media":"","overlay-type":"","overlay-color":"","overlay-opacity":"","overlay-gradient":""}}},"product_cat":[43],"product_tag":[44],"class_list":{"0":"post-354","1":"product","2":"type-product","3":"status-publish","4":"has-post-thumbnail","6":"product_cat-bandas","7":"product_tag-bandas","8":"desktop-align-left","9":"tablet-align-left","10":"mobile-align-left","12":"first","13":"instock","14":"shipping-taxable","15":"product-type-simple"},"_links":{"self":[{"href":"https:\/\/orthoplimexico.com\/index.php\/wp-json\/wp\/v2\/product\/354","targetHints":{"allow":["GET"]}}],"collection":[{"href":"https:\/\/orthoplimexico.com\/index.php\/wp-json\/wp\/v2\/product"}],"about":[{"href":"https:\/\/orthoplimexico.com\/index.php\/wp-json\/wp\/v2\/types\/product"}],"replies":[{"embeddable":true,"href":"https:\/\/orthoplimexico.com\/index.php\/wp-json\/wp\/v2\/comments?post=354"}],"wp:featuredmedia":[{"embeddable":true,"href":"https:\/\/orthoplimexico.com\/index.php\/wp-json\/wp\/v2\/media\/541"}],"wp:attachment":[{"href":"https:\/\/orthoplimexico.com\/index.php\/wp-json\/wp\/v2\/media?parent=354"}],"wp:term":[{"taxonomy":"product_cat","embeddable":true,"href":"https:\/\/orthoplimexico.com\/index.php\/wp-json\/wp\/v2\/product_cat?post=354"},{"taxonomy":"product_tag","embeddable":true,"href":"https:\/\/orthoplimexico.com\/index.php\/wp-json\/wp\/v2\/product_tag?post=354"}],"curies":[{"name":"wp","href":"https:\/\/api.w.org\/{rel}","templated":true}]}}