{"id":357,"date":"2025-01-18T21:40:32","date_gmt":"2025-01-18T21:40:32","guid":{"rendered":"https:\/\/orthoplimexico.com\/?post_type=product&#038;p=357"},"modified":"2026-04-11T02:31:26","modified_gmt":"2026-04-11T02:31:26","slug":"pinza-removedora-de-bandas-mediana","status":"publish","type":"product","link":"https:\/\/orthoplimexico.com\/index.php\/product\/pinza-removedora-de-bandas-mediana\/","title":{"rendered":"Pinza Removedora de Bandas Mediana"},"content":{"rendered":"","protected":false},"excerpt":{"rendered":"<p class=\"p1\">El pinza mediana est\u00e1 dise\u00f1ado con un cuerpo de acero inoxidable forjado con uni\u00f3n en caja, garantizando durabilidad y resistencia al desgaste. Su punta, fabricada en acero, asegura una larga vida \u00fatil, mientras que una almohadilla reemplazable resistente al calor, ubicada sobre el borde incisal, proporciona comodidad adicional durante su uso. La punta operativa insertada est\u00e1 estrat\u00e9gicamente posicionada en el centro de la almohadilla reemplazable, optimizando la funcionalidad y precisi\u00f3n. Todas las puntas de pl\u00e1stico son completamente esterilizables mediante calor, cumpliendo con los est\u00e1ndares de higiene y seguridad en procedimientos profesionales.<\/p>\n","protected":false},"featured_media":543,"comment_status":"open","ping_status":"closed","template":"","meta":{"site-sidebar-layout":"default","site-content-layout":"","ast-site-content-layout":"default","site-content-style":"default","site-sidebar-style":"default","ast-global-header-display":"","ast-banner-title-visibility":"","ast-main-header-display":"","ast-hfb-above-header-display":"","ast-hfb-below-header-display":"","ast-hfb-mobile-header-display":"","site-post-title":"","ast-breadcrumbs-content":"","ast-featured-img":"","footer-sml-layout":"","theme-transparent-header-meta":"default","adv-header-id-meta":"","stick-header-meta":"","header-above-stick-meta":"","header-main-stick-meta":"","header-below-stick-meta":"","astra-migrate-meta-layouts":"set","ast-page-background-enabled":"default","ast-page-background-meta":{"desktop":{"background-color":"var(--ast-global-color-4)","background-image":"","background-repeat":"repeat","background-position":"center center","background-size":"auto","background-attachment":"scroll","background-type":"","background-media":"","overlay-type":"","overlay-color":"","overlay-opacity":"","overlay-gradient":""},"tablet":{"background-color":"","background-image":"","background-repeat":"repeat","background-position":"center center","background-size":"auto","background-attachment":"scroll","background-type":"","background-media":"","overlay-type":"","overlay-color":"","overlay-opacity":"","overlay-gradient":""},"mobile":{"background-color":"","background-image":"","background-repeat":"repeat","background-position":"center center","background-size":"auto","background-attachment":"scroll","background-type":"","background-media":"","overlay-type":"","overlay-color":"","overlay-opacity":"","overlay-gradient":""}},"ast-content-background-meta":{"desktop":{"background-color":"var(--ast-global-color-5)","background-image":"","background-repeat":"repeat","background-position":"center center","background-size":"auto","background-attachment":"scroll","background-type":"","background-media":"","overlay-type":"","overlay-color":"","overlay-opacity":"","overlay-gradient":""},"tablet":{"background-color":"var(--ast-global-color-5)","background-image":"","background-repeat":"repeat","background-position":"center center","background-size":"auto","background-attachment":"scroll","background-type":"","background-media":"","overlay-type":"","overlay-color":"","overlay-opacity":"","overlay-gradient":""},"mobile":{"background-color":"var(--ast-global-color-5)","background-image":"","background-repeat":"repeat","background-position":"center center","background-size":"auto","background-attachment":"scroll","background-type":"","background-media":"","overlay-type":"","overlay-color":"","overlay-opacity":"","overlay-gradient":""}}},"product_cat":[43],"product_tag":[44],"class_list":{"0":"post-357","1":"product","2":"type-product","3":"status-publish","4":"has-post-thumbnail","6":"product_cat-bandas","7":"product_tag-bandas","8":"desktop-align-left","9":"tablet-align-left","10":"mobile-align-left","12":"first","13":"instock","14":"shipping-taxable","15":"product-type-simple"},"_links":{"self":[{"href":"https:\/\/orthoplimexico.com\/index.php\/wp-json\/wp\/v2\/product\/357","targetHints":{"allow":["GET"]}}],"collection":[{"href":"https:\/\/orthoplimexico.com\/index.php\/wp-json\/wp\/v2\/product"}],"about":[{"href":"https:\/\/orthoplimexico.com\/index.php\/wp-json\/wp\/v2\/types\/product"}],"replies":[{"embeddable":true,"href":"https:\/\/orthoplimexico.com\/index.php\/wp-json\/wp\/v2\/comments?post=357"}],"wp:featuredmedia":[{"embeddable":true,"href":"https:\/\/orthoplimexico.com\/index.php\/wp-json\/wp\/v2\/media\/543"}],"wp:attachment":[{"href":"https:\/\/orthoplimexico.com\/index.php\/wp-json\/wp\/v2\/media?parent=357"}],"wp:term":[{"taxonomy":"product_cat","embeddable":true,"href":"https:\/\/orthoplimexico.com\/index.php\/wp-json\/wp\/v2\/product_cat?post=357"},{"taxonomy":"product_tag","embeddable":true,"href":"https:\/\/orthoplimexico.com\/index.php\/wp-json\/wp\/v2\/product_tag?post=357"}],"curies":[{"name":"wp","href":"https:\/\/api.w.org\/{rel}","templated":true}]}}